{"id":26329,"date":"2022-12-09T11:23:42","date_gmt":"2022-12-09T10:23:42","guid":{"rendered":"https:\/\/www.lalsrl.it\/empresa\/"},"modified":"2025-11-26T15:53:34","modified_gmt":"2025-11-26T14:53:34","slug":"empresa","status":"publish","type":"page","link":"https:\/\/www.lalsrl.it\/es\/empresa\/","title":{"rendered":"Empresa"},"content":{"rendered":"<p>Desde la carpinter\u00eda hasta el <strong>negocio artesanal<\/strong>, siempre en sinton\u00eda con las necesidades de la zona en la que se ubica y manteniendo un v\u00ednculo especial con su ciudad de origen, <strong>Loreto<\/strong>, <strong>capital mundial de la Corona del Rosario<\/strong>.<\/p>\n","protected":false},"excerpt":{"rendered":"<p>Desde la carpinter\u00eda hasta el negocio artesanal, siempre en sinton\u00eda con las necesidades de la zona en la que se ubica y manteniendo un v\u00ednculo especial con su ciudad de origen, Loreto, capital mundial de la Corona del Rosario.<\/p>\n","protected":false},"author":2,"featured_media":25975,"parent":0,"menu_order":0,"comment_status":"closed","ping_status":"closed","template":"","meta":{"footnotes":""},"class_list":["post-26329","page","type-page","status-publish","has-post-thumbnail","hentry"],"yoast_head":"<!-- This site is optimized with the Yoast SEO plugin v27.2 - https:\/\/yoast.com\/product\/yoast-seo-wordpress\/ -->\n<title>LAL \u2013 Empresa de Art\u00edculos Religiosos en Loreto<\/title>\n<meta name=\"description\" content=\"LAL produce art\u00edculos religiosos y manufacturas desde hace m\u00e1s de 65 a\u00f1os. Nuestro taller artesanal se encuentra en Loreto, capital mundial de la Corona del Rosario.\" \/>\n<meta name=\"robots\" content=\"index, follow, max-snippet:-1, max-image-preview:large, max-video-preview:-1\" \/>\n<link rel=\"canonical\" href=\"https:\/\/www.lalsrl.it\/es\/empresa\/\" \/>\n<meta property=\"og:locale\" content=\"es_ES\" \/>\n<meta property=\"og:type\" content=\"article\" \/>\n<meta property=\"og:title\" content=\"LAL \u2013 Empresa de Art\u00edculos Religiosos en Loreto\" \/>\n<meta property=\"og:description\" content=\"LAL produce art\u00edculos religiosos y manufacturas desde hace m\u00e1s de 65 a\u00f1os.\" \/>\n<meta property=\"og:url\" content=\"https:\/\/www.lalsrl.it\/es\/empresa\/\" \/>\n<meta property=\"og:site_name\" content=\"L.A.L. S.r.l.\" \/>\n<meta property=\"article:modified_time\" content=\"2025-11-26T14:53:34+00:00\" \/>\n<meta property=\"og:image\" content=\"https:\/\/www.lalsrl.it\/wp-content\/uploads\/2022\/12\/immagine_azienda_Lal.webp\" \/>\n<meta name=\"twitter:card\" content=\"summary_large_image\" \/>\n<script type=\"application\/ld+json\" class=\"yoast-schema-graph\">{\"@context\":\"https:\/\/schema.org\",\"@graph\":[{\"@type\":\"WebPage\",\"@id\":\"https:\/\/www.lalsrl.it\/es\/empresa\/\",\"url\":\"https:\/\/www.lalsrl.it\/es\/empresa\/\",\"name\":\"LAL \u2013 Empresa de Art\u00edculos Religiosos en Loreto\",\"isPartOf\":{\"@id\":\"https:\/\/www.lalsrl.it\/es\/#website\"},\"primaryImageOfPage\":{\"@id\":\"https:\/\/www.lalsrl.it\/es\/empresa\/#primaryimage\"},\"image\":{\"@id\":\"https:\/\/www.lalsrl.it\/es\/empresa\/#primaryimage\"},\"thumbnailUrl\":\"https:\/\/www.lalsrl.it\/wp-content\/uploads\/2022\/12\/immagine_azienda_Lal.webp\",\"datePublished\":\"2022-12-09T10:23:42+00:00\",\"dateModified\":\"2025-11-26T14:53:34+00:00\",\"description\":\"LAL produce art\u00edculos religiosos y manufacturas desde hace m\u00e1s de 65 a\u00f1os. Nuestro taller artesanal se encuentra en Loreto, capital mundial de la Corona del Rosario.\",\"breadcrumb\":{\"@id\":\"https:\/\/www.lalsrl.it\/es\/empresa\/#breadcrumb\"},\"inLanguage\":\"es\",\"potentialAction\":[{\"@type\":\"ReadAction\",\"target\":[\"https:\/\/www.lalsrl.it\/es\/empresa\/\"]}]},{\"@type\":\"ImageObject\",\"inLanguage\":\"es\",\"@id\":\"https:\/\/www.lalsrl.it\/es\/empresa\/#primaryimage\",\"url\":\"https:\/\/www.lalsrl.it\/wp-content\/uploads\/2022\/12\/immagine_azienda_Lal.webp\",\"contentUrl\":\"https:\/\/www.lalsrl.it\/wp-content\/uploads\/2022\/12\/immagine_azienda_Lal.webp\",\"width\":1024,\"height\":703,\"caption\":\"Miembros de la familia Moroni que dirigen la empresa LAL desde hace tres generaciones en Loreto, dedicada a la producci\u00f3n artesanal de art\u00edculos religiosos\"},{\"@type\":\"BreadcrumbList\",\"@id\":\"https:\/\/www.lalsrl.it\/es\/empresa\/#breadcrumb\",\"itemListElement\":[{\"@type\":\"ListItem\",\"position\":1,\"name\":\"Home\",\"item\":\"https:\/\/www.lalsrl.it\/es\/home\/\"},{\"@type\":\"ListItem\",\"position\":2,\"name\":\"Empresa\"}]},{\"@type\":\"WebSite\",\"@id\":\"https:\/\/www.lalsrl.it\/es\/#website\",\"url\":\"https:\/\/www.lalsrl.it\/es\/\",\"name\":\"L.A.L. S.r.l.\",\"description\":\"Articoli religiosi\",\"publisher\":{\"@id\":\"https:\/\/www.lalsrl.it\/es\/#organization\"},\"alternateName\":\"LAL Articoli Religiosi\",\"potentialAction\":[{\"@type\":\"SearchAction\",\"target\":{\"@type\":\"EntryPoint\",\"urlTemplate\":\"https:\/\/www.lalsrl.it\/es\/?s={search_term_string}\"},\"query-input\":{\"@type\":\"PropertyValueSpecification\",\"valueRequired\":true,\"valueName\":\"search_term_string\"}}],\"inLanguage\":\"es\"},{\"@type\":\"Organization\",\"@id\":\"https:\/\/www.lalsrl.it\/es\/#organization\",\"name\":\"L.A.L. S.r.l.\",\"url\":\"https:\/\/www.lalsrl.it\/es\/\",\"logo\":{\"@type\":\"ImageObject\",\"inLanguage\":\"es\",\"@id\":\"https:\/\/www.lalsrl.it\/es\/#\/schema\/logo\/image\/\",\"url\":\"https:\/\/www.lalsrl.it\/wp-content\/uploads\/2022\/09\/Logo_header.svg\",\"contentUrl\":\"https:\/\/www.lalsrl.it\/wp-content\/uploads\/2022\/09\/Logo_header.svg\",\"width\":76,\"height\":76,\"caption\":\"L.A.L. S.r.l.\"},\"image\":{\"@id\":\"https:\/\/www.lalsrl.it\/es\/#\/schema\/logo\/image\/\"}}]}<\/script>\n<!-- \/ Yoast SEO plugin. -->","yoast_head_json":{"title":"LAL \u2013 Empresa de Art\u00edculos Religiosos en Loreto","description":"LAL produce art\u00edculos religiosos y manufacturas desde hace m\u00e1s de 65 a\u00f1os. Nuestro taller artesanal se encuentra en Loreto, capital mundial de la Corona del Rosario.","robots":{"index":"index","follow":"follow","max-snippet":"max-snippet:-1","max-image-preview":"max-image-preview:large","max-video-preview":"max-video-preview:-1"},"canonical":"https:\/\/www.lalsrl.it\/es\/empresa\/","og_locale":"es_ES","og_type":"article","og_title":"LAL \u2013 Empresa de Art\u00edculos Religiosos en Loreto","og_description":"LAL produce art\u00edculos religiosos y manufacturas desde hace m\u00e1s de 65 a\u00f1os.","og_url":"https:\/\/www.lalsrl.it\/es\/empresa\/","og_site_name":"L.A.L. S.r.l.","article_modified_time":"2025-11-26T14:53:34+00:00","og_image":[{"url":"https:\/\/www.lalsrl.it\/wp-content\/uploads\/2022\/12\/immagine_azienda_Lal.webp","type":"","width":"","height":""}],"twitter_card":"summary_large_image","schema":{"@context":"https:\/\/schema.org","@graph":[{"@type":"WebPage","@id":"https:\/\/www.lalsrl.it\/es\/empresa\/","url":"https:\/\/www.lalsrl.it\/es\/empresa\/","name":"LAL \u2013 Empresa de Art\u00edculos Religiosos en Loreto","isPartOf":{"@id":"https:\/\/www.lalsrl.it\/es\/#website"},"primaryImageOfPage":{"@id":"https:\/\/www.lalsrl.it\/es\/empresa\/#primaryimage"},"image":{"@id":"https:\/\/www.lalsrl.it\/es\/empresa\/#primaryimage"},"thumbnailUrl":"https:\/\/www.lalsrl.it\/wp-content\/uploads\/2022\/12\/immagine_azienda_Lal.webp","datePublished":"2022-12-09T10:23:42+00:00","dateModified":"2025-11-26T14:53:34+00:00","description":"LAL produce art\u00edculos religiosos y manufacturas desde hace m\u00e1s de 65 a\u00f1os. Nuestro taller artesanal se encuentra en Loreto, capital mundial de la Corona del Rosario.","breadcrumb":{"@id":"https:\/\/www.lalsrl.it\/es\/empresa\/#breadcrumb"},"inLanguage":"es","potentialAction":[{"@type":"ReadAction","target":["https:\/\/www.lalsrl.it\/es\/empresa\/"]}]},{"@type":"ImageObject","inLanguage":"es","@id":"https:\/\/www.lalsrl.it\/es\/empresa\/#primaryimage","url":"https:\/\/www.lalsrl.it\/wp-content\/uploads\/2022\/12\/immagine_azienda_Lal.webp","contentUrl":"https:\/\/www.lalsrl.it\/wp-content\/uploads\/2022\/12\/immagine_azienda_Lal.webp","width":1024,"height":703,"caption":"Miembros de la familia Moroni que dirigen la empresa LAL desde hace tres generaciones en Loreto, dedicada a la producci\u00f3n artesanal de art\u00edculos religiosos"},{"@type":"BreadcrumbList","@id":"https:\/\/www.lalsrl.it\/es\/empresa\/#breadcrumb","itemListElement":[{"@type":"ListItem","position":1,"name":"Home","item":"https:\/\/www.lalsrl.it\/es\/home\/"},{"@type":"ListItem","position":2,"name":"Empresa"}]},{"@type":"WebSite","@id":"https:\/\/www.lalsrl.it\/es\/#website","url":"https:\/\/www.lalsrl.it\/es\/","name":"L.A.L. S.r.l.","description":"Articoli religiosi","publisher":{"@id":"https:\/\/www.lalsrl.it\/es\/#organization"},"alternateName":"LAL Articoli Religiosi","potentialAction":[{"@type":"SearchAction","target":{"@type":"EntryPoint","urlTemplate":"https:\/\/www.lalsrl.it\/es\/?s={search_term_string}"},"query-input":{"@type":"PropertyValueSpecification","valueRequired":true,"valueName":"search_term_string"}}],"inLanguage":"es"},{"@type":"Organization","@id":"https:\/\/www.lalsrl.it\/es\/#organization","name":"L.A.L. S.r.l.","url":"https:\/\/www.lalsrl.it\/es\/","logo":{"@type":"ImageObject","inLanguage":"es","@id":"https:\/\/www.lalsrl.it\/es\/#\/schema\/logo\/image\/","url":"https:\/\/www.lalsrl.it\/wp-content\/uploads\/2022\/09\/Logo_header.svg","contentUrl":"https:\/\/www.lalsrl.it\/wp-content\/uploads\/2022\/09\/Logo_header.svg","width":76,"height":76,"caption":"L.A.L. S.r.l."},"image":{"@id":"https:\/\/www.lalsrl.it\/es\/#\/schema\/logo\/image\/"}}]}},"_links":{"self":[{"href":"https:\/\/www.lalsrl.it\/es\/wp-json\/wp\/v2\/pages\/26329","targetHints":{"allow":["GET"]}}],"collection":[{"href":"https:\/\/www.lalsrl.it\/es\/wp-json\/wp\/v2\/pages"}],"about":[{"href":"https:\/\/www.lalsrl.it\/es\/wp-json\/wp\/v2\/types\/page"}],"author":[{"embeddable":true,"href":"https:\/\/www.lalsrl.it\/es\/wp-json\/wp\/v2\/users\/2"}],"replies":[{"embeddable":true,"href":"https:\/\/www.lalsrl.it\/es\/wp-json\/wp\/v2\/comments?post=26329"}],"version-history":[{"count":2,"href":"https:\/\/www.lalsrl.it\/es\/wp-json\/wp\/v2\/pages\/26329\/revisions"}],"predecessor-version":[{"id":29469,"href":"https:\/\/www.lalsrl.it\/es\/wp-json\/wp\/v2\/pages\/26329\/revisions\/29469"}],"wp:featuredmedia":[{"embeddable":true,"href":"https:\/\/www.lalsrl.it\/es\/wp-json\/wp\/v2\/media\/25975"}],"wp:attachment":[{"href":"https:\/\/www.lalsrl.it\/es\/wp-json\/wp\/v2\/media?parent=26329"}],"curies":[{"name":"wp","href":"https:\/\/api.w.org\/{rel}","templated":true}]}}